{"id":4083,"date":"2022-10-13T13:39:36","date_gmt":"2022-10-13T13:39:36","guid":{"rendered":"https:\/\/panama-turismo.org\/?page_id=4083"},"modified":"2024-01-10T14:58:18","modified_gmt":"2024-01-10T14:58:18","slug":"bestaetigung","status":"publish","type":"page","link":"https:\/\/panama-turismo.org\/en\/bestaetigung","title":{"rendered":"Dates"},"content":{"rendered":"<p style=\"font-size: 1.2em; color: #fff; text-shadow: 2px 2px 4px #000;\">Every season is Rainforest season!<\/p>\n<p style=\"font-size: 2.8em; line-height: 1.2em; color: #fff; text-shadow: 3px 3px 6px #000;\">Dates for your holiday\u00a0at the Rainforest Lodge<\/p>\n<link rel=\"stylesheet\" href=\"https:\/\/panama-turismo.org\/wp-content\/plugins\/elementor\/assets\/css\/widget-icon-box.min.css\">\n<h3>\n\t\t\t\t<\/h3>\n<p>\t\t\t\t<svg xmlns=\"http:\/\/www.w3.org\/2000\/svg\" viewBox=\"0 0 29.2 28.84\"><defs><\/p>\n<style>.cls-1{fill:#90a436;}<\/style>\n<p><\/defs><title>Element 7<\/title><g id=\"Ebene_2\" data-name=\"Ebene 2\"><g id=\"Ebene_2-2\" data-name=\"Ebene 2\"><path d=\"M14.9,0c1.26.61,2.56,1.05,3.25,2.55.34.73,1.6.69,2.39,1.2a4,4,0,0,1,.92,6.2,1.6,1.6,0,0,0-.56,1.29,4.35,4.35,0,0,1-4.51,4.5c-1,0-.5.58-.52.85-.25,3.45.32,6.87.28,10.32,0,.59.31,1.41-.41,1.71a4.11,4.11,0,0,1-2.62,0c-.41-.11-.45-.54-.43-.93a39.56,39.56,0,0,1,.15-4.53c.37-2.28.09-4.6.17-6.89,0-.6-.17-.53-.69-.53A4.1,4.1,0,0,1,8,11.43a2.82,2.82,0,0,0-.51-1.74C5.73,7.23,6.84,3.54,9.82,3c.29-.06.81,0,.94-.4C11.24,1,12.69.61,14,0Z\"><\/path><path d=\"M.36,10.43c1.28-.88,1.89-.75,2.4.72.44,1.26,1.52,2.53.2,3.94a1.23,1.23,0,0,0,0,1.07,17.35,17.35,0,0,0,2.86,4.59c.21.23.48.72.85.19a.71.71,0,0,0,0-.94,17.75,17.75,0,0,1-2.24-3.7c-.21-.55-.5-1,.11-1.46s1.05,0,1.41.41c1.12,1.3,2.28,2.57,3.29,3.95,1.23,1.68.43,3.65.56,5.49,0,.08-.21.21-.34.26-1.42.61-5-.23-6-1.42A2.9,2.9,0,0,0,3,23.07a6,6,0,0,1-2.68-5c0-.26-.07-.32-.14-1A18.86,18.86,0,0,1,.36,10.43Z\"><\/path><path d=\"M29.12,15.55a3,3,0,0,1-.3,1.12c-1.42,3.56-1.59,5.84-4,8-.83.74-1.92.31-2.88.32C19,25,19.11,25,19,22a5.18,5.18,0,0,1,2.53-4.82,7.16,7.16,0,0,0,1.64-1.87c.32-.46.77-1.19,1.52-.63a1.25,1.25,0,0,1,.18,1.72c-.66,1.16-1.4,2.29-2.15,3.4-.23.35-.58.54-.11,1s.75,0,1-.26a18.78,18.78,0,0,0,2.61-4.2,1.78,1.78,0,0,0,0-1.68c-1.24-1.76.35-3,.77-4.39a.8.8,0,0,1,1.19-.37c.47.23.58.5.69,1.06A14.25,14.25,0,0,1,29.12,15.55Z\"><\/path><path d=\"M21.8,25.92a4.16,4.16,0,0,1,1.09,0c.55.16,1.55-.59,1.57.72,0,1.11.23,2.34-1.59,2.13a13.9,13.9,0,0,0-2.51,0c-1,.07-1.37-.34-1.39-1.36s.13-1.73,1.41-1.51A8.45,8.45,0,0,0,21.8,25.92Z\"><\/path><path d=\"M7.37,25.92h.94c.84,0,1.64-.19,1.57,1.19-.06,1.14-.23,1.82-1.56,1.67a17.35,17.35,0,0,0-1.88,0c-1.72,0-2.33-.79-1.85-2.4a.69.69,0,0,1,.74-.44c.68,0,1.36,0,2,0Z\"><\/path><\/g><\/g><\/svg>\t\t\t\t<\/p>\n<h3>\n\t\t\t\t\t\tSustainability for our environment<br \/>\n\t\t\t\t<\/h3>\n<p>\n\t\t\t\t\t\tDue to our close cooperation with the  <a href=\"https:\/\/panama-turismo.org\/en\/panama-institut\">Panama Institute<\/a>  and scientists from all over the world, who run various environmental and research projects at Rainforest Lodge, there are only fixed periods of time when we can open our lodges for sustainable tourism. Please refer to the calendar for the dates:\t\t\t\t\t<\/p>\n<h3>\n\t\t\t\t<\/h3>\n<style>\/*! elementor - v3.14.0 - 18-06-2023 *\/\n.elementor-heading-title{padding:0;margin:0;line-height:1}.elementor-widget-heading .elementor-heading-title[class*=elementor-size-]>a{color:inherit;font-size:inherit;line-height:inherit}.elementor-widget-heading .elementor-heading-title.elementor-size-small{font-size:15px}.elementor-widget-heading .elementor-heading-title.elementor-size-medium{font-size:19px}.elementor-widget-heading .elementor-heading-title.elementor-size-large{font-size:29px}.elementor-widget-heading .elementor-heading-title.elementor-size-xl{font-size:39px}.elementor-widget-heading .elementor-heading-title.elementor-size-xxl{font-size:59px}<\/style>\n<h2>The fixed holiday periods of Rainforest Lodge in 2022<\/h2>\n<ul>\n<li>3. June 2022 &#8211; 24. June 2022<\/li>\n<li>8. July 2022 &#8211; 29. July 2022<\/li>\n<li>5. August 2022 &#8211; 26. August 2022<\/li>\n<li>9. September 2022 &#8211; 30. September 2022<\/li>\n<li>14. October 2022 &#8211; 4. November 2022<\/li>\n<li>11. November 2022 &#8211; 2. December 2022<\/li>\n<li>6. January 2023 &#8211; 27. January 2023<\/li>\n<li>3. Fwebruary 2023 &#8211; 24. February 2023<\/li>\n<li>3. March 2023 &#8211; 24. March 2023<\/li>\n<li>31. March 2023 &#8211; 24. April 2023<\/li>\n<li>28. April 2023 &#8211; 19. May 2023<\/li>\n<li>26. May 2023 &#8211; 16. June 2023<\/li>\n<li>23. June 2023 &#8211; 14. July 2023<\/li>\n<\/ul>\n<h2> Talk to us about your sustainable holiday at Rainforest Lodge<\/h2>\n<p>We look forward to hearing from you! We would be happy to inform you personally about your holiday at Rainforest Lodge.<\/p>\n<p>\t\t\t\t<svg xmlns=\"http:\/\/www.w3.org\/2000\/svg\" viewBox=\"0 0 65.2 65.2\"><defs><\/p>\n<style>.cls-1{fill:#8ea535;}.cls-2{font-size:63.73px;fill:#fff;font-family:ZapfDingbatsITC, Zapf Dingbats;}<\/style>\n<p><\/defs><title>letterElement 2<\/title><g id=\"Ebene_2\" data-name=\"Ebene 2\"><g id=\"Ebene_1-2\" data-name=\"Ebene 1\"><rect width=\"65.2\" height=\"65.2\"><\/rect><text transform=\"translate(9.91 56.08)\">\u2709<\/text><\/g><\/g><\/svg>\t\t\t\t<\/p>\n<p>\n\t\t\t\t\t\t<a href=\"mailto:info@panama-turismo.org\" style=\"color: #FFFFFF;\">info@panama-turismo.org<\/a>\t\t\t\t\t<\/p>\n<p>\t\t\t\t<svg xmlns=\"http:\/\/www.w3.org\/2000\/svg\" xmlns:xlink=\"http:\/\/www.w3.org\/1999\/xlink\" width=\"800px\" height=\"800px\" viewBox=\"0 0 1024 1024\"><defs><path id=\"a\" d=\"M1023.941 765.153c0 5.606-.171 17.766-.508 27.159-.824 22.982-2.646 52.639-5.401 66.151-4.141 20.306-10.392 39.472-18.542 55.425-9.643 18.871-21.943 35.775-36.559 50.364-14.584 14.56-31.472 26.812-50.315 36.416-16.036 8.172-35.322 14.426-55.744 18.549-13.378 2.701-42.812 4.488-65.648 5.3-9.402.336-21.564.505-27.15.505l-504.226-.081c-5.607 0-17.765-.172-27.158-.509-22.983-.824-52.639-2.646-66.152-5.4-20.306-4.142-39.473-10.392-55.425-18.542-18.872-9.644-35.775-21.944-50.364-36.56-14.56-14.584-26.812-31.471-36.415-50.314-8.174-16.037-14.428-35.323-18.551-55.744-2.7-13.378-4.487-42.812-5.3-65.649-.334-9.401-.503-21.563-.503-27.148l.08-504.228c0-5.607.171-17.766.508-27.159.825-22.983 2.646-52.639 5.401-66.151 4.141-20.306 10.391-39.473 18.542-55.426C34.154 93.24 46.455 76.336 61.07 61.747c14.584-14.559 31.472-26.812 50.315-36.416 16.037-8.172 35.324-14.426 55.745-18.549 13.377-2.701 42.812-4.488 65.648-5.3 9.402-.335 21.565-.504 27.149-.504l504.227.081c5.608 0 17.766.171 27.159.508 22.983.825 52.638 2.646 66.152 5.401 20.305 4.141 39.472 10.391 55.425 18.542 18.871 9.643 35.774 21.944 50.363 36.559 14.559 14.584 26.812 31.471 36.415 50.315 8.174 16.037 14.428 35.323 18.551 55.744 2.7 13.378 4.486 42.812 5.3 65.649.335 9.402.504 21.564.504 27.15l-.082 504.226z\"><\/path><\/defs><linearGradient id=\"b\" gradientUnits=\"userSpaceOnUse\" x1=\"512.001\" y1=\".978\" x2=\"512.001\" y2=\"1025.023\"><stop offset=\"0\" stop-color=\"#61fd7d\"><\/stop><stop offset=\"1\" stop-color=\"#2bb826\"><\/stop><\/linearGradient><use xlink:href=\"#a\" fill=\"url(#b)\"><\/use><g><path fill=\"#FFF\" d=\"M783.302 243.246c-69.329-69.387-161.529-107.619-259.763-107.658-202.402 0-367.133 164.668-367.214 367.072-.026 64.699 16.883 127.854 49.017 183.522l-52.096 190.229 194.665-51.047c53.636 29.244 114.022 44.656 175.482 44.682h.151c202.382 0 367.128-164.688 367.21-367.094.039-98.087-38.121-190.319-107.452-259.706zM523.544 808.047h-.125c-54.767-.021-108.483-14.729-155.344-42.529l-11.146-6.612-115.517 30.293 30.834-112.592-7.259-11.544c-30.552-48.579-46.688-104.729-46.664-162.379.066-168.229 136.985-305.096 305.339-305.096 81.521.031 158.154 31.811 215.779 89.482s89.342 134.332 89.312 215.859c-.066 168.243-136.984 305.118-305.209 305.118zm167.415-228.515c-9.177-4.591-54.286-26.782-62.697-29.843-8.41-3.062-14.526-4.592-20.645 4.592-6.115 9.182-23.699 29.843-29.053 35.964-5.352 6.122-10.704 6.888-19.879 2.296-9.176-4.591-38.74-14.277-73.786-45.526-27.275-24.319-45.691-54.359-51.043-63.543-5.352-9.183-.569-14.146 4.024-18.72 4.127-4.109 9.175-10.713 13.763-16.069 4.587-5.355 6.117-9.183 9.175-15.304 3.059-6.122 1.529-11.479-.765-16.07-2.293-4.591-20.644-49.739-28.29-68.104-7.447-17.886-15.013-15.466-20.645-15.747-5.346-.266-11.469-.322-17.585-.322s-16.057 2.295-24.467 11.478-32.113 31.374-32.113 76.521c0 45.147 32.877 88.764 37.465 94.885 4.588 6.122 64.699 98.771 156.741 138.502 21.892 9.45 38.982 15.094 52.308 19.322 21.98 6.979 41.982 5.995 57.793 3.634 17.628-2.633 54.284-22.189 61.932-43.615 7.646-21.427 7.646-39.791 5.352-43.617-2.294-3.826-8.41-6.122-17.585-10.714z\"><\/path><\/g><\/svg>\t\t\t\t<\/p>\n<p>\n\t\t\t\t\t\t *34 673 97 05 01 (calls only via whatsapp)\t\t\t\t\t<\/p>\n<p>\t\t\t\t<svg xmlns=\"http:\/\/www.w3.org\/2000\/svg\" viewBox=\"0 0 65.2 65.2\"><defs><\/p>\n<style>.cls-1{fill:#8ea535;}.cls-2{font-size:63.73px;fill:#fff;font-family:ZapfDingbatsITC, Zapf Dingbats;}<\/style>\n<p><\/defs><title>handElement 1<\/title><g id=\"Ebene_2\" data-name=\"Ebene 2\"><g id=\"Ebene_1-2\" data-name=\"Ebene 1\"><rect width=\"65.2\" height=\"65.2\"><\/rect><text transform=\"translate(5.42 56.08)\">\u270d<\/text><\/g><\/g><\/svg>\t\t\t\t<\/p>\n<p>\n\t\t\t\t\t\tPanama Turismo S.A., RUC 1484264-1-644383 (Registernummer)\t\t\t\t\t<\/p>\n<p>Estero Salado, 1<\/p>\n<p>Corregimiento Calovebora <br \/>Municipio Santa Fe\u0301 <br \/>Provincia Veraguas \/\u00a0Panama\u0301<\/p>\n<p><img loading=\"lazy\" decoding=\"async\" src=\"http:\/\/panama-turismo.org\/wp-content\/uploads\/2021\/12\/germany_flags_flag_17001-150x150.png\" alt=\"\" width=\"40\" height=\"40\" \/><a style=\"color: #ffffff;\" href=\"https:\/\/panama-turismo.org\/fechas\">Wir sprechen Deutsch, Holla\u0308ndisch, Spanisch &amp; Englisch<\/a><\/p>\n<p><img loading=\"lazy\" decoding=\"async\" src=\"http:\/\/panama-turismo.org\/wp-content\/uploads\/2021\/12\/netherlands_flags_flag_17041-150x150.png\" alt=\"\" width=\"40\" height=\"40\" \/><a style=\"color: #ffffff;\" href=\"https:\/\/panama-turismo.org\/nl\/fechas\">Wij spreken Nederlands, Duits, Engels en Spaans<\/a><\/p>\n<p><img loading=\"lazy\" decoding=\"async\" src=\"http:\/\/panama-turismo.org\/wp-content\/uploads\/2021\/12\/united_kingdom_flags_flag_17079-150x150.png\" alt=\"\" width=\"40\" height=\"40\" \/>We speak English, German, Dutch &amp; Spanish<\/p>\n<p><img loading=\"lazy\" decoding=\"async\" src=\"http:\/\/panama-turismo.org\/wp-content\/uploads\/2021\/12\/spain_flags_flag_17068-150x150.png\" alt=\"\" width=\"40\" height=\"40\" \/><a href=\"https:\/\/panama-turismo.org\/es\/fechas\">Hablamos Espa\u00f1ol, Ingl\u00e9s, Alem\u00e1n y Holand\u00e9s<\/a><\/p>\n<p style=\"text-align: center; text-decoration: underline;\"><a style=\"color: #ffffff;\" title=\"General terms and conditions\" href=\"http:\/\/panama-turismo.org\/en\/allgemeine-geschaeftsbedingungen\" target=\"_blank\" rel=\"noopener\">General terms and conditions<\/a><\/p>\n","protected":false},"excerpt":{"rendered":"<p>Every season is Rainforest season! Dates for your holiday\u00a0at the Rainforest Lodge Element 7 Sustainability for our environment Due to our close cooperation with the Panama Institute and scientists from all over the world, who run various environmental and research projects at Rainforest Lodge, there are only fixed periods of time when we can open <a href=\"https:\/\/panama-turismo.org\/en\/bestaetigung\" class=\"read-more below\" title=\"READ MORE\">READ MORE<\/a><\/p>\n","protected":false},"author":9,"featured_media":0,"parent":0,"menu_order":0,"comment_status":"closed","ping_status":"closed","template":"elementor_header_footer","meta":{"footnotes":""},"class_list":["post-4083","page","type-page","status-publish","hentry"],"translation":{"provider":"WPGlobus","version":"2.12.2","language":"en","enabled_languages":["de","en","es"],"languages":{"de":{"title":true,"content":true,"excerpt":false},"en":{"title":true,"content":true,"excerpt":false},"es":{"title":true,"content":true,"excerpt":false}}},"aioseo_notices":[],"_links":{"self":[{"href":"https:\/\/panama-turismo.org\/en\/wp-json\/wp\/v2\/pages\/4083","targetHints":{"allow":["GET"]}}],"collection":[{"href":"https:\/\/panama-turismo.org\/en\/wp-json\/wp\/v2\/pages"}],"about":[{"href":"https:\/\/panama-turismo.org\/en\/wp-json\/wp\/v2\/types\/page"}],"author":[{"embeddable":true,"href":"https:\/\/panama-turismo.org\/en\/wp-json\/wp\/v2\/users\/9"}],"replies":[{"embeddable":true,"href":"https:\/\/panama-turismo.org\/en\/wp-json\/wp\/v2\/comments?post=4083"}],"version-history":[{"count":15,"href":"https:\/\/panama-turismo.org\/en\/wp-json\/wp\/v2\/pages\/4083\/revisions"}],"predecessor-version":[{"id":8581,"href":"https:\/\/panama-turismo.org\/en\/wp-json\/wp\/v2\/pages\/4083\/revisions\/8581"}],"wp:attachment":[{"href":"https:\/\/panama-turismo.org\/en\/wp-json\/wp\/v2\/media?parent=4083"}],"curies":[{"name":"wp","href":"https:\/\/api.w.org\/{rel}","templated":true}]}}