{"id":9388,"date":"2024-02-22T09:34:40","date_gmt":"2024-02-22T09:34:40","guid":{"rendered":"https:\/\/panama-turismo.org\/?page_id=9388"},"modified":"2024-03-18T16:12:44","modified_gmt":"2024-03-18T16:12:44","slug":"riverview","status":"publish","type":"page","link":"https:\/\/panama-turismo.org\/en\/riverview","title":{"rendered":"Oceanview"},"content":{"rendered":"<style>\/*! elementor - v3.14.0 - 18-06-2023 *\/\n.elementor-heading-title{padding:0;margin:0;line-height:1}.elementor-widget-heading .elementor-heading-title[class*=elementor-size-]>a{color:inherit;font-size:inherit;line-height:inherit}.elementor-widget-heading .elementor-heading-title.elementor-size-small{font-size:15px}.elementor-widget-heading .elementor-heading-title.elementor-size-medium{font-size:19px}.elementor-widget-heading .elementor-heading-title.elementor-size-large{font-size:29px}.elementor-widget-heading .elementor-heading-title.elementor-size-xl{font-size:39px}.elementor-widget-heading .elementor-heading-title.elementor-size-xxl{font-size:59px}<\/style>\n<h2>The Lodge Riverview<\/h2>\n<style>\/*! elementor - v3.14.0 - 18-06-2023 *\/\n.elementor-widget-image-carousel .swiper,.elementor-widget-image-carousel .swiper-container{position:static}.elementor-widget-image-carousel .swiper-container .swiper-slide figure,.elementor-widget-image-carousel .swiper .swiper-slide figure{line-height:inherit}.elementor-widget-image-carousel .swiper-slide{text-align:center}.elementor-image-carousel-wrapper:not(.swiper-container-initialized):not(.swiper-initialized) .swiper-slide{max-width:calc(100% \/ var(--e-image-carousel-slides-to-show, 3))}<\/style>\n<p>\t\t\t\t\t\t\t\t<a data-elementor-open-lightbox=\"yes\" data-elementor-lightbox-slideshow=\"23c782d\" data-elementor-lightbox-title=\"Rainforestlodge_Casa5_Blick\" data-elementor-lightbox-description=\"Blick auf den Fluss und den Regenwald\" data-e-action-hash=\"#elementor-action%3Aaction%3Dlightbox%26settings%3DeyJpZCI6MTcwNSwidXJsIjoiaHR0cHM6XC9cL3BhbmFtYS10dXJpc21vLm9yZ1wvd3AtY29udGVudFwvdXBsb2Fkc1wvMjAyMlwvMDRcL1JhaW5mb3Jlc3Rsb2RnZV9DYXNhNV9CbGljay5qcGciLCJzbGlkZXNob3ciOiIyM2M3ODJkIn0%3D\" href=\"https:\/\/panama-turismo.org\/wp-content\/uploads\/2022\/04\/Rainforestlodge_Casa5_Blick.jpg\"><\/p>\n<figure><img decoding=\"async\" src=\"https:\/\/panama-turismo.org\/wp-content\/uploads\/2022\/04\/Rainforestlodge_Casa5_Blick.jpg\" alt=\"Rainforestlodge_Casa5_Blick\" \/><\/figure>\n<p><\/a><a data-elementor-open-lightbox=\"yes\" data-elementor-lightbox-slideshow=\"23c782d\" data-elementor-lightbox-title=\"Rainforestlodge_Casa5_aussen\" data-elementor-lightbox-description=\"Riverside Lodge B - direkt \u00fcber dem Fluss\" data-e-action-hash=\"#elementor-action%3Aaction%3Dlightbox%26settings%3DeyJpZCI6MTcwNCwidXJsIjoiaHR0cHM6XC9cL3BhbmFtYS10dXJpc21vLm9yZ1wvd3AtY29udGVudFwvdXBsb2Fkc1wvMjAyMlwvMDRcL1JhaW5mb3Jlc3Rsb2RnZV9DYXNhNV9hdXNzZW4uanBnIiwic2xpZGVzaG93IjoiMjNjNzgyZCJ9\" href=\"https:\/\/panama-turismo.org\/wp-content\/uploads\/2022\/04\/Rainforestlodge_Casa5_aussen.jpg\"><\/p>\n<figure><img decoding=\"async\" src=\"https:\/\/panama-turismo.org\/wp-content\/uploads\/2022\/04\/Rainforestlodge_Casa5_aussen.jpg\" alt=\"Rainforestlodge_Casa5_aussen\" \/><\/figure>\n<p><\/a><a data-elementor-open-lightbox=\"yes\" data-elementor-lightbox-slideshow=\"23c782d\" data-elementor-lightbox-title=\"Rainforestlodge_Casa5_1331\" data-elementor-lightbox-description=\"Ger\u00e4umiges Bad mit Dusche\" data-e-action-hash=\"#elementor-action%3Aaction%3Dlightbox%26settings%3DeyJpZCI6MTcwMywidXJsIjoiaHR0cHM6XC9cL3BhbmFtYS10dXJpc21vLm9yZ1wvd3AtY29udGVudFwvdXBsb2Fkc1wvMjAyMlwvMDRcL1JhaW5mb3Jlc3Rsb2RnZV9DYXNhNV8xMzMxLmpwZyIsInNsaWRlc2hvdyI6IjIzYzc4MmQifQ%3D%3D\" href=\"https:\/\/panama-turismo.org\/wp-content\/uploads\/2022\/04\/Rainforestlodge_Casa5_1331.jpg\"><\/p>\n<figure><img decoding=\"async\" src=\"https:\/\/panama-turismo.org\/wp-content\/uploads\/2022\/04\/Rainforestlodge_Casa5_1331.jpg\" alt=\"Rainforestlodge_Casa5_1331\" \/><\/figure>\n<p><\/a><a data-elementor-open-lightbox=\"yes\" data-elementor-lightbox-slideshow=\"23c782d\" data-elementor-lightbox-title=\"Rainforestlodge_Casa5_1316\" data-elementor-lightbox-description=\"Gro\u00dfz\u00fcgiger Wohn- und Schlafbereich\" data-e-action-hash=\"#elementor-action%3Aaction%3Dlightbox%26settings%3DeyJpZCI6MTcwMiwidXJsIjoiaHR0cHM6XC9cL3BhbmFtYS10dXJpc21vLm9yZ1wvd3AtY29udGVudFwvdXBsb2Fkc1wvMjAyMlwvMDRcL1JhaW5mb3Jlc3Rsb2RnZV9DYXNhNV8xMzE2LmpwZyIsInNsaWRlc2hvdyI6IjIzYzc4MmQifQ%3D%3D\" href=\"https:\/\/panama-turismo.org\/wp-content\/uploads\/2022\/04\/Rainforestlodge_Casa5_1316.jpg\"><\/p>\n<figure><img decoding=\"async\" src=\"https:\/\/panama-turismo.org\/wp-content\/uploads\/2022\/04\/Rainforestlodge_Casa5_1316.jpg\" alt=\"Rainforestlodge_Casa5_1316\" \/><\/figure>\n<p><\/a><a data-elementor-open-lightbox=\"yes\" data-elementor-lightbox-slideshow=\"23c782d\" data-elementor-lightbox-title=\"Rainforestlodge_Casa5_1304\" data-elementor-lightbox-description=\"Gro\u00dfz\u00fcgiger Wohn- und Schlafbereich mit Lesecke\" data-e-action-hash=\"#elementor-action%3Aaction%3Dlightbox%26settings%3DeyJpZCI6MTcwMSwidXJsIjoiaHR0cHM6XC9cL3BhbmFtYS10dXJpc21vLm9yZ1wvd3AtY29udGVudFwvdXBsb2Fkc1wvMjAyMlwvMDRcL1JhaW5mb3Jlc3Rsb2RnZV9DYXNhNV8xMzA0LmpwZyIsInNsaWRlc2hvdyI6IjIzYzc4MmQifQ%3D%3D\" href=\"https:\/\/panama-turismo.org\/wp-content\/uploads\/2022\/04\/Rainforestlodge_Casa5_1304.jpg\"><\/p>\n<figure><img decoding=\"async\" src=\"https:\/\/panama-turismo.org\/wp-content\/uploads\/2022\/04\/Rainforestlodge_Casa5_1304.jpg\" alt=\"Rainforestlodge_Casa5_1304\" \/><\/figure>\n<p><\/a><a data-elementor-open-lightbox=\"yes\" data-elementor-lightbox-slideshow=\"23c782d\" data-elementor-lightbox-title=\"Rainforestlodge_Casa5_1286\" data-elementor-lightbox-description=\"Gro\u00dfz\u00fcgiger Wohn- und Schlafbereich mit Balkon \u00fcber dem Fluss\" data-e-action-hash=\"#elementor-action%3Aaction%3Dlightbox%26settings%3DeyJpZCI6MTcwMCwidXJsIjoiaHR0cHM6XC9cL3BhbmFtYS10dXJpc21vLm9yZ1wvd3AtY29udGVudFwvdXBsb2Fkc1wvMjAyMlwvMDRcL1JhaW5mb3Jlc3Rsb2RnZV9DYXNhNV8xMjg2LmpwZyIsInNsaWRlc2hvdyI6IjIzYzc4MmQifQ%3D%3D\" href=\"https:\/\/panama-turismo.org\/wp-content\/uploads\/2022\/04\/Rainforestlodge_Casa5_1286.jpg\"><\/p>\n<figure><img decoding=\"async\" src=\"https:\/\/panama-turismo.org\/wp-content\/uploads\/2022\/04\/Rainforestlodge_Casa5_1286.jpg\" alt=\"Rainforestlodge_Casa5_1286\" \/><\/figure>\n<p><\/a>\t\t\t<\/p>\n<p style=\"text-align: center;\">Picture gallery of the Lodge <strong>Riverview<\/strong><\/p>\n<p>The \u201cRiverview\u201d Lodge is located directly on the banks of the river, in a building with the \u201cOceanview\u201d Lodge. From the spacious living\/sleeping room you have an all-round view of the dense green of the rainforest and the river. The covered balcony is about 10 sqm.<\/p>\n<p>Here you will find our <a style=\"font-size: 15px; letter-spacing: 0px;\" href=\"#preise\" target=\"_blank\" rel=\"noopener\">Promotionprices<\/a><\/p>\n<h3>Equipment details<\/h3>\n<ul>\n<li>Guests:\u00a03<\/li>\n<li>Amenities:\u00a0<a href=\"https:\/\/panama-turismo.org\/en\/accommodation-facility\/safe\">safe<\/a><\/li>\n<li>View:\u00a0river<\/li>\n<li>Size:\u00a056m\u00b2<\/li>\n<li>Bed Type:\u00a02 x 2m (double bed)<\/li>\n<\/ul>\n\n<div class=\"wpcf7 no-js\" id=\"wpcf7-f5891-o1\" lang=\"de-DE\" dir=\"ltr\" data-wpcf7-id=\"5891\">\n<div class=\"screen-reader-response\"><p role=\"status\" aria-live=\"polite\" aria-atomic=\"true\"><\/p> <ul><\/ul><\/div>\n<form action=\"\/en\/wp-json\/wp\/v2\/pages\/9388#wpcf7-f5891-o1\" method=\"post\" class=\"wpcf7-form init\" aria-label=\"Kontaktformular\" novalidate=\"novalidate\" data-status=\"init\">\n<fieldset class=\"hidden-fields-container\"><input type=\"hidden\" name=\"_wpcf7\" value=\"5891\" \/><input type=\"hidden\" name=\"_wpcf7_version\" value=\"6.1.5\" \/><input type=\"hidden\" name=\"_wpcf7_locale\" value=\"de_DE\" \/><input type=\"hidden\" name=\"_wpcf7_unit_tag\" value=\"wpcf7-f5891-o1\" \/><input type=\"hidden\" name=\"_wpcf7_container_post\" value=\"0\" \/><input type=\"hidden\" name=\"_wpcf7_posted_data_hash\" value=\"\" \/><input type=\"hidden\" name=\"_wpcf7_recaptcha_response\" value=\"\" \/>\n<\/fieldset>\n<p><label> Name<br \/>\n<span class=\"wpcf7-form-control-wrap\" data-name=\"your-name\"><input size=\"40\" maxlength=\"400\" class=\"wpcf7-form-control wpcf7-text wpcf7-validates-as-required\" aria-required=\"true\" aria-invalid=\"false\" value=\"\" type=\"text\" name=\"your-name\" \/><\/span> <\/label>\n<\/p>\n<p><label> E-Mail<br \/>\n<span class=\"wpcf7-form-control-wrap\" data-name=\"your-email\"><input size=\"40\" maxlength=\"400\" class=\"wpcf7-form-control wpcf7-email wpcf7-validates-as-required wpcf7-text wpcf7-validates-as-email\" aria-required=\"true\" aria-invalid=\"false\" value=\"\" type=\"email\" name=\"your-email\" \/><\/span> <\/label>\n<\/p>\n<p><label> Subject<br \/>\n<span class=\"wpcf7-form-control-wrap\" data-name=\"your-subject\"><input size=\"40\" maxlength=\"400\" class=\"wpcf7-form-control wpcf7-text wpcf7-validates-as-required\" aria-required=\"true\" aria-invalid=\"false\" value=\"\" type=\"text\" name=\"your-subject\" \/><\/span> <\/label>\n<\/p>\n<p><label> Your message (optional)<br \/>\n<span class=\"wpcf7-form-control-wrap\" data-name=\"your-message\"><textarea cols=\"40\" rows=\"10\" maxlength=\"2000\" class=\"wpcf7-form-control wpcf7-textarea\" aria-invalid=\"false\" name=\"your-message\"><\/textarea><\/span> <\/label>\n<\/p>\n<p><span class=\"wpcf7-form-control-wrap\" data-name=\"zustimmung\"><span class=\"wpcf7-form-control wpcf7-acceptance\"><span class=\"wpcf7-list-item\"><label><input type=\"checkbox\" name=\"zustimmung\" value=\"1\" aria-invalid=\"false\" \/><span class=\"wpcf7-list-item-label\">- I have read and accepted the <a href=\"\/general-terms-and-conditions\">privacy policy<\/a>.\nI agree that my form details will be stored for the purpose of contacting me or processing my request.<\/span><\/label><\/span><\/span><\/span>\n<\/p>\n<p><input class=\"wpcf7-form-control wpcf7-submit has-spinner\" type=\"submit\" value=\"send\" \/>\n<\/p><input type='hidden' class='wpcf7-pum' value='{\"closepopup\":false,\"closedelay\":0,\"openpopup\":false,\"openpopup_id\":0}' \/><div class=\"wpcf7-response-output\" aria-hidden=\"true\"><\/div>\n<\/form>\n<\/div>\n\n<style>\/*! elementor - v3.14.0 - 18-06-2023 *\/\n.elementor-widget-image{text-align:center}.elementor-widget-image a{display:inline-block}.elementor-widget-image a img[src$=\".svg\"]{width:48px}.elementor-widget-image img{vertical-align:middle;display:inline-block}<\/style>\n<p>\t\t\t\t\t\t\t\t\t\t\t\t<img decoding=\"async\" width=\"768\" height=\"569\" src=\"https:\/\/panama-turismo.org\/wp-content\/uploads\/2024\/02\/river-768x569.webp\" alt=\"\" loading=\"lazy\" srcset=\"https:\/\/panama-turismo.org\/wp-content\/uploads\/2024\/02\/river-768x569.webp 768w, https:\/\/panama-turismo.org\/wp-content\/uploads\/2024\/02\/river-300x222.webp 300w, https:\/\/panama-turismo.org\/wp-content\/uploads\/2024\/02\/river-1024x759.webp 1024w, https:\/\/panama-turismo.org\/wp-content\/uploads\/2024\/02\/river.webp 1400w\" sizes=\"auto, (max-width: 768px) 100vw, 768px\" \/>\t\t\t\t\t\t\t\t\t\t\t\t\t\t\t<\/p>\n<style>\/*! elementor - v3.14.0 - 18-06-2023 *\/\n.elementor-column .elementor-spacer-inner{height:var(--spacer-size)}.e-con{--container-widget-width:100%}.e-con-inner>.elementor-widget-spacer,.e-con>.elementor-widget-spacer{width:var(--container-widget-width,var(--spacer-size));--align-self:var(--container-widget-align-self,initial);--flex-shrink:0}.e-con-inner>.elementor-widget-spacer>.elementor-widget-container,.e-con-inner>.elementor-widget-spacer>.elementor-widget-container>.elementor-spacer,.e-con>.elementor-widget-spacer>.elementor-widget-container,.e-con>.elementor-widget-spacer>.elementor-widget-container>.elementor-spacer{height:100%}.e-con-inner>.elementor-widget-spacer>.elementor-widget-container>.elementor-spacer>.elementor-spacer-inner,.e-con>.elementor-widget-spacer>.elementor-widget-container>.elementor-spacer>.elementor-spacer-inner{height:var(--container-widget-height,var(--spacer-size))}<\/style>\n<style>\/*! elementor - v3.14.0 - 18-06-2023 *\/\nbody.elementor-page .elementor-widget-menu-anchor{margin-bottom:0}<\/style>\n<p style=\"text-align: left;\"><strong>Stay<\/strong><\/p>\n<p>1 to 2 nights<\/p>\n<p>3 to 5 nights<\/p>\n<p>6 to 10 nights<\/p>\n<p>11 to\u00a015 nights<\/p>\n<p><\/p>\n<p style=\"text-align: center;\">per night<\/p>\n<p style=\"text-align: center;\">per night<\/p>\n<p style=\"text-align: center;\">per night<\/p>\n<p style=\"text-align: center;\">per night<\/p>\n<p style=\"text-align: center;\"><strong>Overnight stay in a lodge incl. Breakfast for 1 person<\/strong><\/p>\n<p style=\"text-align: center;\">165,00<\/p>\n<p style=\"text-align: center;\">154,50<\/p>\n<p style=\"text-align: center;\">145,00<\/p>\n<p style=\"text-align: center;\">135,00<\/p>\n<p style=\"text-align: center;\"><strong>Overnight stay in a lodge incl. breakfast for 2 persons<\/strong><\/p>\n<p style=\"text-align: center;\">210,00<\/p>\n<p style=\"text-align: center;\">189,00<\/p>\n<p style=\"text-align: center;\">170,00<\/p>\n<p style=\"text-align: center;\">150,00<\/p>\n<p style=\"text-align: center;\"><strong>Additional person (extra bed)<\/strong><br \/>\n<strong>incl breakfast<\/strong><\/p>\n<p style=\"text-align: center;\">80,00<\/p>\n<p style=\"text-align: center;\">75,00<\/p>\n<p style=\"text-align: center;\">70,00<\/p>\n<p style=\"text-align: center;\">65,00<\/p>\n<p style=\"text-align: center;\">30,- seasonal surcharge per accommodation and per night in the following periods:<br \/>20.12.2023 &#8211; 03.01.2024<br \/>28.03.2024 &#8211; 04.04.2024<br \/>01.11.2024 &#8211; 04.11.2024<br \/>20.12.2024 &#8211; 04.01.2025<\/p>\n<p><strong>Rainforest Restaurant<br \/><\/strong>Rich and varied breakfast from 7.00 &#8211; 9.00 am<\/p>\n<p>Daily changing menus incl. drinks (non-alcoholic)<br \/>3-course lunch menu from 12.00 &#8211; 14.00 pm 28,-<br \/>3-course evening meal from 6.00 &#8211; 8 pm 40,-<br \/>Menu of the day for small appetites (also to take away)<\/p>\n<p><strong>Bar Playa Jaguar<br \/><\/strong>Beverage bar open continuously from 10 am &#8211; 10 pm<\/p>\n<p style=\"text-align: center;\">All prices plus 10% ITBMS (service tax) all prices in US dollars<\/p>\n","protected":false},"excerpt":{"rendered":"<p>The Lodge Riverview Picture gallery of the Lodge Riverview The \u201cRiverview\u201d Lodge is located directly on the banks of the river, in a building with the \u201cOceanview\u201d Lodge. From the spacious living\/sleeping room you have an all-round view of the dense green of the rainforest and the river. The covered balcony is about 10 sqm. <a href=\"https:\/\/panama-turismo.org\/en\/riverview\" class=\"read-more below\" title=\"READ MORE\">READ MORE<\/a><\/p>\n","protected":false},"author":9,"featured_media":0,"parent":0,"menu_order":0,"comment_status":"closed","ping_status":"closed","template":"elementor_header_footer","meta":{"footnotes":""},"class_list":["post-9388","page","type-page","status-publish","hentry"],"translation":{"provider":"WPGlobus","version":"2.12.2","language":"en","enabled_languages":["de","en","es"],"languages":{"de":{"title":true,"content":true,"excerpt":false},"en":{"title":true,"content":true,"excerpt":false},"es":{"title":true,"content":true,"excerpt":false}}},"aioseo_notices":[],"_links":{"self":[{"href":"https:\/\/panama-turismo.org\/en\/wp-json\/wp\/v2\/pages\/9388","targetHints":{"allow":["GET"]}}],"collection":[{"href":"https:\/\/panama-turismo.org\/en\/wp-json\/wp\/v2\/pages"}],"about":[{"href":"https:\/\/panama-turismo.org\/en\/wp-json\/wp\/v2\/types\/page"}],"author":[{"embeddable":true,"href":"https:\/\/panama-turismo.org\/en\/wp-json\/wp\/v2\/users\/9"}],"replies":[{"embeddable":true,"href":"https:\/\/panama-turismo.org\/en\/wp-json\/wp\/v2\/comments?post=9388"}],"version-history":[{"count":47,"href":"https:\/\/panama-turismo.org\/en\/wp-json\/wp\/v2\/pages\/9388\/revisions"}],"predecessor-version":[{"id":10184,"href":"https:\/\/panama-turismo.org\/en\/wp-json\/wp\/v2\/pages\/9388\/revisions\/10184"}],"wp:attachment":[{"href":"https:\/\/panama-turismo.org\/en\/wp-json\/wp\/v2\/media?parent=9388"}],"curies":[{"name":"wp","href":"https:\/\/api.w.org\/{rel}","templated":true}]}}