{"id":2618,"date":"2022-04-25T18:23:41","date_gmt":"2022-04-25T18:23:41","guid":{"rendered":"http:\/\/panama-turismo.org\/?page_id=2618"},"modified":"2024-02-14T23:13:37","modified_gmt":"2024-02-14T23:13:37","slug":"allgemeine-geschaeftsbedingungen","status":"publish","type":"page","link":"https:\/\/panama-turismo.org\/es\/allgemeine-geschaeftsbedingungen","title":{"rendered":"Condiciones generales"},"content":{"rendered":"<p><strong>Condiciones generales de Rainforest Lodge Panam\u00e1<\/strong><\/p>\n<p><strong>Panam\u00e1 Turismo S.A.-Panam\u00e1<\/strong><\/p>\n<p>\u00a0<\/p>\n<p><strong>1.celebraci\u00f3n del contrato<\/strong><\/p>\n<p>Con el pedido de reserva el cliente ofrece a Panam\u00e1 Turismo S.A. la conclusi\u00f3n vinculante de un contrato. El pedido debe hacerse por escrito. El contrato es v\u00e1lido a partir de la fecha de aceptaci\u00f3n y confirmaci\u00f3n por parte de Panam\u00e1 Turismo S.A. y sus agentes.<\/p>\n<p>\u00a0<\/p>\n<p><strong>2.Pago<\/strong><\/p>\n<p>Con la celebraci\u00f3n del contrato (reserva) se debe pagar un dep\u00f3sito (del 50% del precio total), que debe ser abonado por el cliente (el cliente) a m\u00e1s tardar 7 d\u00edas despu\u00e9s de recibir el contrato por escrito. El importe restante se abonar\u00e1 hasta 50 d\u00edas antes del inicio del viaje. El retraso en el pago o la falta de pago se considera como desistimiento y da derecho a Panam\u00e1 Turismo S.A. a alquilar el objeto a otra parte.<\/p>\n<p>\u00a0<\/p>\n<p><strong>3. tipo de servicio<\/strong><\/p>\n<p>El contrato se celebra en nombre y por cuenta del propietario y es v\u00e1lido para el periodo registrado y el n\u00famero m\u00e1ximo de personas registradas. En caso de que lleguen m\u00e1s personas de las registradas previamente, esto da derecho al propietario a rescindir el contrato inmediatamente. Se debe seguir pagando el alquiler acordado por contrato.<\/p>\n<p>El alojamiento puede ser ocupado regularmente a partir de las 13.00 horas y debe ser desalojado antes de las 10.00 horas del d\u00eda de salida. Las desviaciones son posibles previa consulta sin problemas si el alojamiento est\u00e1 libre en el momento de la mudanza o del traslado.<\/p>\n<p>\u00a0<\/p>\n<p><strong>4.Obligaci\u00f3n y responsabilidad del propietario<\/strong><\/p>\n<p>El propietario no se responsabiliza de cualquier influencia en el objeto de alquiler debido a causas de fuerza mayor, por ejemplo, huelgas, guerras, terremotos, fallos de electricidad y agua habituales en el pa\u00eds, condiciones meteorol\u00f3gicas severas. Si el uso del objeto alquilado no es posible por fuerza mayor y no se puede conseguir un objeto sustitutivo, la responsabilidad se limitar\u00e1 como m\u00e1ximo al importe del pago final acordado menos los gastos ocasionados.<\/p>\n<p>\u00a0<\/p>\n<p><strong>5. deber de cooperaci\u00f3n<\/strong><\/p>\n<p>Se ruega al inquilino que compruebe el inventario de la vivienda alquilada a su llegada y que comunique cualquier defecto al propietario en un plazo de 24 horas para que se puedan tomar medidas de reparaci\u00f3n. Todas las dem\u00e1s reclamaciones sobre la vivienda alquilada tambi\u00e9n deben comunicarse inmediatamente al propietario\/gestor. Las reclamaciones presentadas con posterioridad no podr\u00e1n ser tenidas en cuenta. El inquilino debe tratar el alojamiento junto con el inventario con cuidado y est\u00e1 obligado a informar al propietario\/gestor de todos los da\u00f1os causados por \u00e9l durante su estancia y a reponerlos o pagarlos.<\/p>\n<p>\u00a0<\/p>\n<p><strong>6.Anulaci\u00f3n<\/strong><\/p>\n<p>La cancelaci\u00f3n por parte del solicitante debe hacerse por escrito. La fecha de recepci\u00f3n es decisiva.<\/p>\n<p>Se cobrar\u00e1n las siguientes tasas:<\/p>\n<ul>\n<li>en caso de cancelaci\u00f3n hasta 71 d\u00edas antes del inicio del viaje 25% del precio del alquiler, tasa m\u00ednima de 52 d\u00f3lares<\/li>\n<li>50% del precio del alquiler para cancelaciones entre 70 y 51 d\u00edas antes de la salida,<\/li>\n<li>para cancelaciones entre 50 y 31 d\u00edas antes de la salida, el 70% del precio del alquiler,<\/li>\n<li>90% del precio del alquiler si se cancela entre 30 y 1 d\u00eda antes de la salida,<\/li>\n<li>El 95% del precio del alquiler en caso de cancelaci\u00f3n el d\u00eda del viaje o en caso de no presentarse.<\/li>\n<li>los gastos de gesti\u00f3n de una cancelaci\u00f3n son de 52 d\u00f3lares.<\/li>\n<\/ul>\n<p>En consulta, es posible proporcionar un compa\u00f1ero sustituto en las mismas condiciones de viaje.<\/p>\n<p>\u00a0<\/p>\n<p><strong>7.lugar de cumplimiento &#8211; lugar de jurisdicci\u00f3n<\/strong><\/p>\n<p>Santiago, Provincia de Veraguas, Panam\u00e1<\/p>\n","protected":false},"excerpt":{"rendered":"<p>Condiciones generales de Rainforest Lodge Panam\u00e1 Panam\u00e1 Turismo S.A.-Panam\u00e1 \u00a0 1.celebraci\u00f3n del contrato Con el pedido de reserva el cliente ofrece a Panam\u00e1 Turismo S.A. la conclusi\u00f3n vinculante de un contrato. El pedido debe hacerse por escrito. El contrato es v\u00e1lido a partir de la fecha de aceptaci\u00f3n y confirmaci\u00f3n por parte de Panam\u00e1 Turismo <a href=\"https:\/\/panama-turismo.org\/es\/allgemeine-geschaeftsbedingungen\" class=\"read-more below\" title=\"READ MORE\">READ MORE<\/a><\/p>\n","protected":false},"author":7,"featured_media":0,"parent":0,"menu_order":0,"comment_status":"closed","ping_status":"closed","template":"elementor_header_footer","meta":{"footnotes":""},"class_list":["post-2618","page","type-page","status-publish","hentry"],"translation":{"provider":"WPGlobus","version":"2.12.2","language":"es","enabled_languages":["de","en","es"],"languages":{"de":{"title":true,"content":true,"excerpt":false},"en":{"title":true,"content":true,"excerpt":false},"es":{"title":true,"content":true,"excerpt":false}}},"aioseo_notices":[],"_links":{"self":[{"href":"https:\/\/panama-turismo.org\/es\/wp-json\/wp\/v2\/pages\/2618","targetHints":{"allow":["GET"]}}],"collection":[{"href":"https:\/\/panama-turismo.org\/es\/wp-json\/wp\/v2\/pages"}],"about":[{"href":"https:\/\/panama-turismo.org\/es\/wp-json\/wp\/v2\/types\/page"}],"author":[{"embeddable":true,"href":"https:\/\/panama-turismo.org\/es\/wp-json\/wp\/v2\/users\/7"}],"replies":[{"embeddable":true,"href":"https:\/\/panama-turismo.org\/es\/wp-json\/wp\/v2\/comments?post=2618"}],"version-history":[{"count":69,"href":"https:\/\/panama-turismo.org\/es\/wp-json\/wp\/v2\/pages\/2618\/revisions"}],"predecessor-version":[{"id":9350,"href":"https:\/\/panama-turismo.org\/es\/wp-json\/wp\/v2\/pages\/2618\/revisions\/9350"}],"wp:attachment":[{"href":"https:\/\/panama-turismo.org\/es\/wp-json\/wp\/v2\/media?parent=2618"}],"curies":[{"name":"wp","href":"https:\/\/api.w.org\/{rel}","templated":true}]}}