{"id":4739,"date":"2022-10-19T15:41:33","date_gmt":"2022-10-19T15:41:33","guid":{"rendered":"https:\/\/panama-turismo.org\/?page_id=4739"},"modified":"2022-11-08T16:09:56","modified_gmt":"2022-11-08T16:09:56","slug":"privacy-policy-2","status":"publish","type":"page","link":"https:\/\/panama-turismo.org\/es\/privacy-policy-2","title":{"rendered":"Pol\u00edtica de privacidad"},"content":{"rendered":"<p>Pol\u00edtica de privacidad de Rainforest Lodge Panam\u00e1<\/p>\n<p>Panam\u00e1 Turismo S.A.-Panam\u00e1<\/p>\n<p><\/p>\n<p>&nbsp;<\/p>\n<p>Pol\u00edtica de privacidad para el uso de Google Analytics<\/p>\n<p>Este sitio web utiliza funciones del servicio de an\u00e1lisis web Google Analytics. El proveedor es Google Inc. 1600 Amphitheatre Parkway Mountain View, CA 94043, USA. Google Analytics utiliza las llamadas &#8220;cookies&#8221;. Se trata de archivos de texto que se almacenan en su ordenador y permiten analizar el uso que usted hace del sitio web. La informaci\u00f3n generada por la cookie sobre su uso de este sitio web se transmite generalmente a un servidor de Google en los Estados Unidos y se almacena all\u00ed.<\/p>\n<p>Sin embargo, en caso de que se active la anonimizaci\u00f3n de la IP en este sitio web, su direcci\u00f3n IP ser\u00e1 truncada previamente por Google dentro de los estados miembros de la Uni\u00f3n Europea o en otros estados contratantes del Acuerdo sobre el Espacio Econ\u00f3mico Europeo. S\u00f3lo en casos excepcionales se transmitir\u00e1 la direcci\u00f3n IP completa a un servidor de Google en Estados Unidos y se acortar\u00e1 all\u00ed. En nombre del operador de este sitio web, Google utilizar\u00e1 esta informaci\u00f3n con el fin de evaluar su uso del sitio web, recopilar informes sobre la actividad del sitio web y prestar otros servicios relacionados con la actividad del sitio web y el uso de Internet al operador del sitio web. La direcci\u00f3n IP transmitida por su navegador como parte de Google Analytics no se fusionar\u00e1 con otros datos de Google.<\/p>\n<p>Puede rechazar el uso de cookies seleccionando la configuraci\u00f3n adecuada en su navegador, pero tenga en cuenta que si lo hace es posible que no pueda utilizar todas las funciones de este sitio web. Adem\u00e1s, puede evitar la recopilaci\u00f3n de los datos generados por la cookie y relacionados con su uso del sitio web (incluida su direcci\u00f3n IP) a Google, as\u00ed como el tratamiento de estos datos por parte de Google, descargando e instalando el plugin del navegador disponible en el siguiente enlace: http:\/\/tools.google.com\/dlpage\/gaoptout?hl=de.<\/p>\n<p><\/p>\n<p>&nbsp;<\/p>\n<p>Pol\u00edtica de privacidad para el uso de plugins de Facebook (bot\u00f3n &#8220;Me gusta&#8221;)<\/p>\n<p>En nuestras p\u00e1ginas se integran plugins de la red social Facebook, proveedor Facebook Inc., 1 Hacker Way, Menlo Park, California 94025, USA. Puedes reconocer los plugins de Facebook por el logotipo de Facebook o el bot\u00f3n &#8220;Me gusta&#8221; de nuestro sitio. Puedes encontrar un resumen de los plugins de Facebook&nbsp;aqu\u00ed: http:\/\/developers.facebook.com\/docs\/plugins\/.<\/p>\n<p>Cuando visitas nuestras p\u00e1ginas, se establece una conexi\u00f3n directa entre tu navegador y el servidor de Facebook a trav\u00e9s del plugin. De este modo, Facebook recibe la informaci\u00f3n de que usted ha visitado nuestro sitio con su direcci\u00f3n IP. Si hace clic en el bot\u00f3n &#8220;Me gusta&#8221; de Facebook mientras est\u00e1 conectado a su cuenta de Facebook, puede vincular el contenido de nuestras p\u00e1ginas a su perfil de Facebook. Esto permite a Facebook asociar su visita a nuestras p\u00e1ginas con su cuenta de usuario. Nos gustar\u00eda se\u00f1alar que nosotros, como proveedores de las p\u00e1ginas, no tenemos conocimiento del contenido de los datos transmitidos ni de su uso por parte de Facebook. Para m\u00e1s informaci\u00f3n, consulta la pol\u00edtica de privacidad de Facebook en http:\/\/de-de.facebook.com\/policy.php.<\/p>\n<p>Si no quieres que Facebook pueda asignar tu visita a nuestras p\u00e1ginas a tu cuenta de usuario de Facebook, cierra la sesi\u00f3n de tu cuenta de usuario de Facebook.<\/p>\n<p>&nbsp;<\/p>\n<p><\/p>\n<p>Pol\u00edtica de privacidad para el uso de YouTube<\/p>\n<p>Nuestro sitio web utiliza plugins del sitio YouTube operado por Google. El operador del sitio es YouTube, LLC, 901 Cherry Ave, San Bruno, CA 94066, USA. Cuando usted visita una de nuestras p\u00e1ginas equipadas con un plugin de YouTube, se establece una conexi\u00f3n con los servidores de YouTube. Esto le dice al servidor de YouTube cu\u00e1l de nuestras p\u00e1ginas ha visitado.<\/p>\n<p>Si est\u00e1 conectado a su cuenta de YouTube, permite que YouTube asigne su comportamiento de navegaci\u00f3n directamente a su perfil personal. Puedes evitarlo cerrando la sesi\u00f3n de tu cuenta de YouTube.<\/p>\n<p>Para m\u00e1s informaci\u00f3n sobre el tratamiento de los datos de los usuarios, consulte la pol\u00edtica de privacidad de YouTube&nbsp;en https:\/\/www.google.de\/intl\/de\/policies\/privacy.<\/p>\n","protected":false},"excerpt":{"rendered":"<p>Pol\u00edtica de privacidad de Rainforest Lodge Panam\u00e1 Panam\u00e1 Turismo S.A.-Panam\u00e1 &nbsp; Pol\u00edtica de privacidad para el uso de Google Analytics Este sitio web utiliza funciones del servicio de an\u00e1lisis web Google Analytics. El proveedor es Google Inc. 1600 Amphitheatre Parkway Mountain View, CA 94043, USA. Google Analytics utiliza las llamadas &#8220;cookies&#8221;. Se trata de archivos <a href=\"https:\/\/panama-turismo.org\/es\/privacy-policy-2\" class=\"read-more below\" title=\"READ MORE\">READ MORE<\/a><\/p>\n","protected":false},"author":9,"featured_media":0,"parent":0,"menu_order":0,"comment_status":"closed","ping_status":"closed","template":"elementor_header_footer","meta":{"footnotes":""},"class_list":["post-4739","page","type-page","status-publish","hentry"],"translation":{"provider":"WPGlobus","version":"2.12.2","language":"es","enabled_languages":["de","en","es"],"languages":{"de":{"title":true,"content":true,"excerpt":false},"en":{"title":true,"content":true,"excerpt":false},"es":{"title":true,"content":true,"excerpt":false}}},"aioseo_notices":[],"_links":{"self":[{"href":"https:\/\/panama-turismo.org\/es\/wp-json\/wp\/v2\/pages\/4739","targetHints":{"allow":["GET"]}}],"collection":[{"href":"https:\/\/panama-turismo.org\/es\/wp-json\/wp\/v2\/pages"}],"about":[{"href":"https:\/\/panama-turismo.org\/es\/wp-json\/wp\/v2\/types\/page"}],"author":[{"embeddable":true,"href":"https:\/\/panama-turismo.org\/es\/wp-json\/wp\/v2\/users\/9"}],"replies":[{"embeddable":true,"href":"https:\/\/panama-turismo.org\/es\/wp-json\/wp\/v2\/comments?post=4739"}],"version-history":[{"count":8,"href":"https:\/\/panama-turismo.org\/es\/wp-json\/wp\/v2\/pages\/4739\/revisions"}],"predecessor-version":[{"id":5943,"href":"https:\/\/panama-turismo.org\/es\/wp-json\/wp\/v2\/pages\/4739\/revisions\/5943"}],"wp:attachment":[{"href":"https:\/\/panama-turismo.org\/es\/wp-json\/wp\/v2\/media?parent=4739"}],"curies":[{"name":"wp","href":"https:\/\/api.w.org\/{rel}","templated":true}]}}