{"id":6836,"date":"2023-02-09T16:26:35","date_gmt":"2023-02-09T16:26:35","guid":{"rendered":"https:\/\/panama-turismo.org\/?page_id=6836"},"modified":"2024-03-18T16:23:42","modified_gmt":"2024-03-18T16:23:42","slug":"arrival-rainforest-lodge-panama","status":"publish","type":"page","link":"https:\/\/panama-turismo.org\/es\/arrival-rainforest-lodge-panama","title":{"rendered":"Llegada"},"content":{"rendered":"<p style=\"font-size: 1.2em; color: #fff; text-shadow: 2px 2px 4px #000;\">\u00a1Viva Panam\u00e1 desde el primer momento!<\/p>\n<p style=\"font-size: 2.8em; line-height: 1.2em; color: #fff; text-shadow: 3px 3px 6px #000; margin-top: 0px;\">\u00a1Sus vacaciones ya empiezan <br \/>a su llegada a Ciudad de Panam\u00e1!<\/p>\n<style>\/*! elementor - v3.14.0 - 18-06-2023 *\/\n.elementor-column .elementor-spacer-inner{height:var(--spacer-size)}.e-con{--container-widget-width:100%}.e-con-inner>.elementor-widget-spacer,.e-con>.elementor-widget-spacer{width:var(--container-widget-width,var(--spacer-size));--align-self:var(--container-widget-align-self,initial);--flex-shrink:0}.e-con-inner>.elementor-widget-spacer>.elementor-widget-container,.e-con-inner>.elementor-widget-spacer>.elementor-widget-container>.elementor-spacer,.e-con>.elementor-widget-spacer>.elementor-widget-container,.e-con>.elementor-widget-spacer>.elementor-widget-container>.elementor-spacer{height:100%}.e-con-inner>.elementor-widget-spacer>.elementor-widget-container>.elementor-spacer>.elementor-spacer-inner,.e-con>.elementor-widget-spacer>.elementor-widget-container>.elementor-spacer>.elementor-spacer-inner{height:var(--container-widget-height,var(--spacer-size))}<\/style>\n<style>\/*! elementor - v3.14.0 - 18-06-2023 *\/\n.elementor-heading-title{padding:0;margin:0;line-height:1}.elementor-widget-heading .elementor-heading-title[class*=elementor-size-]>a{color:inherit;font-size:inherit;line-height:inherit}.elementor-widget-heading .elementor-heading-title.elementor-size-small{font-size:15px}.elementor-widget-heading .elementor-heading-title.elementor-size-medium{font-size:19px}.elementor-widget-heading .elementor-heading-title.elementor-size-large{font-size:29px}.elementor-widget-heading .elementor-heading-title.elementor-size-xl{font-size:39px}.elementor-widget-heading .elementor-heading-title.elementor-size-xxl{font-size:59px}<\/style>\n<h2>Llegada<\/h2>\n<p>\t\tTras un largo vuelo y su llegada a Ciudad de Panam\u00e1, le recomendamos pasar la noche en el hotel antes de continuar su viaje a Rainforest Lodge. El coste de un taxi hasta los respectivos hoteles ronda los 30 d\u00f3lares estadounidenses. Dependiendo de la situaci\u00f3n del tr\u00e1fico, el trayecto dura entre 30 minutos y 1 hora. Es posible organizar la recogida en el aeropuerto previa consulta con el hotel correspondiente.<\/p>\n<p style=\"text-align: center;\">Nuestras recomendaciones hoteleras son:<\/p>\n<p><img loading=\"lazy\" decoding=\"async\" src=\"https:\/\/panama-turismo.org\/wp-content\/uploads\/2021\/12\/bed1.svg\" alt=\"Hotel Panama \" width=\"70\" height=\"46\" \/><\/p>\n<p><strong>Hotel Central<\/strong><\/p>\n<ul>\n<li>El Hotel Central en Casco Viejo, de categor\u00eda superior, situado en el pintoresco casco antiguo de Ciudad de Panam\u00e1, aprox. 200,- US D\u00f3lar por noche en habitaci\u00f3n doble.<\/li>\n<\/ul>\n<p><img loading=\"lazy\" decoding=\"async\" src=\"https:\/\/panama-turismo.org\/wp-content\/uploads\/2021\/12\/bed1.svg\" alt=\"Hotel Panama \" width=\"70\" height=\"46\" \/><\/p>\n<p><strong>Hotel Panama<\/strong><\/p>\n<ul>\n<li>Radisson Hotel Panama Canal, un agradable hotel de clase media situado directamente en el Canal de Panam\u00e1, aprox. 80,- USD por noche en habitaci\u00f3n doble.<\/li>\n<\/ul>\n<p><img loading=\"lazy\" decoding=\"async\" src=\"https:\/\/panama-turismo.org\/wp-content\/uploads\/2021\/12\/bed1.svg\" alt=\"Hotel Panama \" width=\"70\" height=\"46\" \/><\/p>\n<p><strong>Hotel Principe <\/strong><\/p>\n<ul>\n<li>Principe Hotel &amp; Suites, situado directamente en el centro de la ciudad de Panam\u00e1, no lejos de la V\u00eda Argentina con muchos bares y restaurantes en la zona, aprox. 60,- US Dollar por noche en habitaci\u00f3n doble.<\/li>\n<\/ul>\n<p style=\"text-align: center;\">Las paradas m\u00e1s destacadas de su viaje son:<br \/><strong>Panama City &#8211; Santiago de Veraguas-Santa Fe &#8211; Calovebora &#8211; Rainforest Lodge<\/strong><\/p>\n<p style=\"text-align: center;\"><strong>Las opciones de viaje desde Ciudad de Panam\u00e1 a Calovebora, en la costa caribe\u00f1a, hasta nuestro Rainforest Lodge son las siguientes:<\/strong><\/p>\n<p>1. La forma m\u00e1s barata de viajar es en transporte p\u00fablico, el autob\u00fas: desde la <strong>terminal de autobuses de Albrook<\/strong>, en <strong>Ciudad de Panam\u00e1<\/strong>, hasta <strong>Santiago de Veraguas<\/strong>,<br \/>&#8211; Seg\u00fan la comodidad del autob\u00fas, los precios var\u00edan entre 7 $ y 15 $. El viaje dura unas 3,5 horas.<\/p>\n<p>2. Viaje de Santiago de <strong>Veraguas<\/strong> a <strong>Santa Fe<\/strong>. El precio oscila entre 5 y 10 d\u00f3lares, dependiendo de la comodidad del autob\u00fas. Si viaja en autob\u00fas, le recomendamos una manta o chaqueta debido al aire acondicionado.<\/p>\n<p>Recomendaciones para alojarse en\u00a0<strong>Santa Fe:<\/strong><\/p>\n<p>1. La Qhia Eco Retreat<br \/>2. Hotel Anachoreo<br \/>3. Coffee Mountain Inn<\/p>\n<p>De <strong>Santa F<\/strong>e a <strong>Calovebora<\/strong> s\u00f3lo hay peque\u00f1os autobuses locales. Como la ruta atraviesa directamente la selva tropical, le recomendamos un taxi o un taxi de recogida si lleva mucho equipaje.<\/p>\n<p>Precio del taxi aprox. entre 35$ y 45$, recomendamos negociar el precio de antemano. En autob\u00fas el precio es de unos 2 $.<\/p>\n<p><strong>Otra opci\u00f3n es alquilar un coche:<\/strong> los precios empiezan en 150 $ por semana, pregunte las condiciones a las empresas de alquiler de coches directamente en el aeropuerto. Recomendamos empresas de alquiler de coches de confianza.<\/p>\n<p><strong>Otra opci\u00f3n es viajar desde Ciudad de Panam\u00e1 directamente a Calovebora en taxi<\/strong>, precio aprox. 250$, mejor negociar el precio de antemano.<\/p>\n<p>Sea cual sea la forma que elija para llegar, para que su llegada sea placentera, le recomendamos que pase la noche en las agradables y frescas monta\u00f1as de Santa Fe.<br \/>Los precios por noche oscilan entre 35 y 85 d\u00f3lares por una habitaci\u00f3n doble, seg\u00fan la norma.<\/p>\n<p>Una vez en Calovebora, puede tomar un taxi acu\u00e1tico por el mar Caribe directamente hasta el <a href=\"https:\/\/panama-turismo.org\/lodges\">Rainforest Lodge<\/a>. Costes a partir de 60 $ aprox. seg\u00fan el n\u00famero de personas.<\/p>\n<p>Reuni\u00f3n en la playa de Calovebora para el taxi acu\u00e1tico 11:00 am,<br \/>Salida del Rainforest Lodge hacia Calovebora 11:30 a.m.<\/p>\n<p><strong>Es posible viajar en helic\u00f3ptero de Ciudad de Panam\u00e1 al Rainforest Lodge<\/strong>, dependiendo de las condiciones meteorol\u00f3gicas. Reserve su vuelo en helic\u00f3ptero directamente con <a href=\"https:\/\/www.panamaairadventures.com\/\" target=\"_blank\" rel=\"noopener\">Panama Air Adventures<\/a> y si tiene m\u00e1s preguntas, por favor <a href=\"https:\/\/panama-turismo.org\/es\/kontakt\">cont\u00e1ctenos<\/a>.<\/p>\n<p>S\u00f3lo el viaje hasta el albergue ya es una gran aventura. Desde la gran ciudad de Panam\u00e1 hasta Santiago de Veraguas, pasando por el hermoso paisaje monta\u00f1oso de Santa Fe y la selva tropical, hasta el peque\u00f1o pueblo pesquero de Calovebora, en la costa caribe\u00f1a. Y, por \u00faltimo, el viaje en barco a trav\u00e9s del mar hasta nuestro <a href=\"https:\/\/panama-turismo.org\/\">Rainforest Lodge<\/a>, en medio de la selva caribe\u00f1a.<\/p>\n<p>\u00a1Echa un vistazo al Rainforest Lodge en <a href=\"https:\/\/maps.app.goo.gl\/HGRCT55MGcshMCmk9\">Google Maps<\/a>!<\/p>\n<style>\/*! elementor - v3.14.0 - 18-06-2023 *\/\n.elementor-widget-image{text-align:center}.elementor-widget-image a{display:inline-block}.elementor-widget-image a img[src$=\".svg\"]{width:48px}.elementor-widget-image img{vertical-align:middle;display:inline-block}<\/style>\n<figure>\n\t\t\t\t\t\t\t\t\t\t<img decoding=\"async\" src=\"https:\/\/panama-turismo.org\/wp-content\/uploads\/elementor\/thumbs\/hotel_panama_klein-pxd9b9dgtbtpmc2n90rv43i6dmmwtkq15zw4te1bq8.jpg\" title=\"Hotel Central Panama City\" alt=\"Hotel Central Panama City\" loading=\"lazy\" \/><figcaption>Central Hotel Panama City<\/figcaption><\/figure>\n<figure>\n\t\t\t\t\t\t\t\t\t\t<img decoding=\"async\" src=\"https:\/\/panama-turismo.org\/wp-content\/uploads\/elementor\/thumbs\/arbisoftimages-2065129-hotel-principe-2-image_klein-pxdb67fnkjgwiitwbyjap7c1hko11iht1cl3aurwkg.jpg\" title=\"Hotel Principe City Panama\" alt=\"Hotel Principe City Rainforest Lodge Panama\" loading=\"lazy\" \/><figcaption>Hotel Principe Panama City<\/figcaption><\/figure>\n<h2>Aqu\u00ed se encuentra el Rainforest Lodge<\/h2>\n<h2><iframe src=\"https:\/\/www.google.com\/maps\/embed?pb=!1m14!1m8!1m3!1d13419.9670435794!2d-81.119988!3d8.80286!3m2!1i1024!2i768!4f13.1!3m3!1m2!1s0x8faebf31c3e64dcf%3A0x50754dcb9d3ffd47!2sRainforest%20Lodge%20Panama!5e1!3m2!1sen!2ses!4v1707053331316!5m2!1sen!2ses\" width=\"26000\" height=\"450\" style=\"border:0;\" allowfullscreen=\"\" loading=\"lazy\" referrerpolicy=\"no-referrer-when-downgrade\"><\/iframe><\/h2>\n<h2>Hable con nosotros sobre sus vacaciones en el Rainforest Lodge<\/h2>\n<p>\u00a1Esperamos tener noticias suyas!<\/p>\n<link rel=\"stylesheet\" href=\"https:\/\/panama-turismo.org\/wp-content\/plugins\/elementor\/assets\/css\/widget-icon-box.min.css\">\n\t\t\t\t<svg xmlns=\"http:\/\/www.w3.org\/2000\/svg\" viewBox=\"0 0 65.2 65.2\"><defs><\/p>\n<style>.cls-1{fill:#8ea535;}.cls-2{font-size:63.73px;fill:#fff;font-family:ZapfDingbatsITC, Zapf Dingbats;}<\/style>\n<p><\/defs><title>letterElement 2<\/title><g id=\"Ebene_2\" data-name=\"Ebene 2\"><g id=\"Ebene_1-2\" data-name=\"Ebene 1\"><rect width=\"65.2\" height=\"65.2\"><\/rect><text transform=\"translate(9.91 56.08)\">\u2709<\/text><\/g><\/g><\/svg>\t\t\t\t<\/p>\n<h3>\n\t\t\t\t<\/h3>\n<p>\n\t\t\t\t\t\t<a href=\"mailto:info@panama-turismo.org\" style=\"color: #FFFFFF;\">info@panama-turismo.org<\/a>\t\t\t\t\t<\/p>\n<p>\t\t\t\t<svg xmlns=\"http:\/\/www.w3.org\/2000\/svg\" xmlns:xlink=\"http:\/\/www.w3.org\/1999\/xlink\" id=\"Ebene_1\" x=\"0px\" y=\"0px\" viewBox=\"0 0 800 800\" style=\"enable-background:new 0 0 800 800;\" xml:space=\"preserve\"><\/p>\n<style type=\"text\/css\">\t.st0{fill:url(#a_1_);}\t.st1{fill:#FFFFFF;}<\/style>\n<p><g>\t\t\t<linearGradient id=\"a_1_\" gradientUnits=\"userSpaceOnUse\" x1=\"483.4414\" y1=\"793.032\" x2=\"483.4414\" y2=\"-231.0121\" gradientTransform=\"matrix(0.7812 0 0 -0.7812 22.3125 620.3203)\">\t\t<stop offset=\"0\" style=\"stop-color:#8EA535;stop-opacity:0.6\"><\/stop>\t\t<stop offset=\"0.999\" style=\"stop-color:#8EA535\"><\/stop>\t<\/linearGradient>\t<path id=\"a\" d=\"M800,597.8c0,4.4-0.1,13.9-0.4,21.2c-0.6,18-2.1,41.1-4.2,51.7c-3.2,15.9-8.1,30.8-14.5,43.3  c-7.5,14.7-17.1,27.9-28.6,39.3c-11.4,11.4-24.6,20.9-39.3,28.5c-12.5,6.4-27.6,11.3-43.5,14.5c-10.5,2.1-33.4,3.5-51.3,4.1  c-7.3,0.3-16.8,0.4-21.2,0.4L203,800.7c-4.4,0-13.9-0.1-21.2-0.4c-18-0.6-41.1-2.1-51.7-4.2c-15.9-3.2-30.8-8.1-43.3-14.5  c-14.7-7.5-27.9-17.1-39.3-28.6c-11.4-11.4-20.9-24.6-28.4-39.3c-6.4-12.5-11.3-27.6-14.5-43.5c-2.1-10.5-3.5-33.4-4.1-51.3  C0.1,611.6,0,602.1,0,597.7L0,203.8c0-4.4,0.1-13.9,0.4-21.2c0.6-18,2.1-41.1,4.2-51.7C7.9,115,12.8,100,19.1,87.6  c7.5-14.7,17.1-27.9,28.6-39.3C59.1,36.9,72.3,27.3,87,19.8c12.5-6.4,27.6-11.3,43.6-14.5C141,3.2,164,1.8,181.9,1.2  c7.3-0.3,16.8-0.4,21.2-0.4L597,0.8c4.4,0,13.9,0.1,21.2,0.4c18,0.6,41.1,2.1,51.7,4.2c15.9,3.2,30.8,8.1,43.3,14.5  c14.7,7.5,27.9,17.1,39.3,28.6c11.4,11.4,20.9,24.6,28.4,39.3c6.4,12.5,11.3,27.6,14.5,43.6c2.1,10.5,3.5,33.4,4.1,51.3  c0.3,7.3,0.4,16.8,0.4,21.2L800,597.8L800,597.8z\"><\/path><\/g><g>\t<path d=\"M612,190C557.8,135.8,485.8,106,409,105.9c-158.1,0-286.8,128.6-286.9,286.8c0,50.5,13.2,99.9,38.3,143.4  l-40.7,148.6l152.1-39.9c41.9,22.8,89.1,34.9,137.1,34.9h0.1c158.1,0,286.8-128.7,286.9-286.8C695.9,316.3,666.1,244.2,612,190  L612,190z M409,631.3L409,631.3c-42.9,0-84.9-11.5-121.5-33.2l-8.7-5.2l-90.2,23.7l24.1-88l-5.7-9c-23.9-38-36.5-81.8-36.5-126.9  c0.1-131.4,107-238.4,238.5-238.4c63.7,0,123.6,24.9,168.6,69.9s69.8,104.9,69.8,168.6C647.4,524.4,540.4,631.3,409,631.3  L409,631.3z M539.8,452.8c-7.2-3.6-42.4-20.9-49-23.3c-6.6-2.4-11.3-3.6-16.1,3.6c-4.8,7.2-18.5,23.3-22.7,28.1  c-4.2,4.8-8.4,5.4-15.5,1.8c-7.2-3.6-30.3-11.2-57.6-35.6c-21.3-19-35.7-42.5-39.9-49.6c-4.2-7.2-0.4-11.1,3.1-14.6  c3.2-3.2,7.2-8.4,10.8-12.6c3.6-4.2,4.8-7.2,7.2-12c2.4-4.8,1.2-9-0.6-12.6c-1.8-3.6-16.1-38.9-22.1-53.2  c-5.8-14-11.7-12.1-16.1-12.3c-4.2-0.2-9-0.3-13.7-0.3c-4.8,0-12.5,1.8-19.1,9c-6.6,7.2-25.1,24.5-25.1,59.8s25.7,69.3,29.3,74.1  c3.6,4.8,50.5,77.2,122.5,108.2c17.1,7.4,30.5,11.8,40.9,15.1c17.2,5.5,32.8,4.7,45.2,2.8c13.8-2.1,42.4-17.3,48.4-34.1  c6-16.7,6-31.1,4.2-34.1C551.8,458.1,547,456.3,539.8,452.8L539.8,452.8z\"><\/path><\/g><\/svg>\t\t\t\t<\/p>\n<h3>\n\t\t\t\t<\/h3>\n<p>\n\t\t\t\t\t\t+507 6686-8643 (\u00a1llamdas solamente por whatsapp!)\t\t\t\t\t<\/p>\n<p>\t\t\t\t<svg xmlns=\"http:\/\/www.w3.org\/2000\/svg\" viewBox=\"0 0 65.2 65.2\"><defs><\/p>\n<style>.cls-1{fill:#8ea535;}.cls-2{font-size:63.73px;fill:#fff;font-family:ZapfDingbatsITC, Zapf Dingbats;}<\/style>\n<p><\/defs><title>handElement 1<\/title><g id=\"Ebene_2\" data-name=\"Ebene 2\"><g id=\"Ebene_1-2\" data-name=\"Ebene 1\"><rect width=\"65.2\" height=\"65.2\"><\/rect><text transform=\"translate(5.42 56.08)\">\u270d<\/text><\/g><\/g><\/svg>\t\t\t\t<\/p>\n<h3>\n\t\t\t\t<\/h3>\n<p>\n\t\t\t\t\t\tPanama Turismo S.A., <br \/>RUC 1484264-1-644383 (Numero de Registro 0313-23273)<\/br><br \/>\nCuenta Bancaria: 03-04-01-108674-9<\/br><br \/>\nBIC\/SWIFT: BAGEPAPA<\/br><br \/>\nBanco General de Panama<br \/>\n<\/br>Estero Salado, 1 &#8211; Corregimiento Calovebora &#8211; Municipio Santa F\u00e9 &#8211; Provincia Veraguas Panam\u00e1\t\t\t\t\t<\/p>\n<p><img loading=\"lazy\" decoding=\"async\" src=\"http:\/\/panama-turismo.org\/wp-content\/uploads\/2021\/12\/germany_flags_flag_17001-150x150.png\" alt=\"\" width=\"40\" height=\"40\" \/>Wir sprechen Deutsch, Spanisch &amp; Englisch<\/p>\n<p><img loading=\"lazy\" decoding=\"async\" style=\"font-family: inherit; font-style: inherit; letter-spacing: 0px;\" src=\"http:\/\/panama-turismo.org\/wp-content\/uploads\/2021\/12\/united_kingdom_flags_flag_17079-150x150.png\" alt=\"\" width=\"40\" height=\"40\" \/><\/p>\n<p><a style=\"color: #ffffff;\" href=\"https:\/\/panama-turismo.org\/en\/services-and-booking\">We speak English, German &amp; Spanish<\/a><\/p>\n<p><img loading=\"lazy\" decoding=\"async\" style=\"font-family: inherit; font-style: inherit; letter-spacing: 0px;\" src=\"http:\/\/panama-turismo.org\/wp-content\/uploads\/2021\/12\/spain_flags_flag_17068-150x150.png\" alt=\"\" width=\"40\" height=\"40\" \/><\/p>\n<p><a style=\"color: #ffffff;\" href=\"https:\/\/panama-turismo.org\/es\/services-and-booking\">Hablamos Espa\u00f1ol, Ingl\u00e9s y Alem\u00e1n<\/a><\/p>\n","protected":false},"excerpt":{"rendered":"<p>\u00a1Viva Panam\u00e1 desde el primer momento! \u00a1Sus vacaciones ya empiezan a su llegada a Ciudad de Panam\u00e1! Llegada Tras un largo vuelo y su llegada a Ciudad de Panam\u00e1, le recomendamos pasar la noche en el hotel antes de continuar su viaje a Rainforest Lodge. El coste de un taxi hasta los respectivos hoteles ronda <a href=\"https:\/\/panama-turismo.org\/es\/arrival-rainforest-lodge-panama\" class=\"read-more below\" title=\"READ MORE\">READ MORE<\/a><\/p>\n","protected":false},"author":9,"featured_media":0,"parent":0,"menu_order":0,"comment_status":"closed","ping_status":"closed","template":"elementor_header_footer","meta":{"footnotes":""},"class_list":["post-6836","page","type-page","status-publish","hentry"],"translation":{"provider":"WPGlobus","version":"2.12.2","language":"es","enabled_languages":["de","en","es"],"languages":{"de":{"title":true,"content":true,"excerpt":false},"en":{"title":true,"content":true,"excerpt":false},"es":{"title":true,"content":true,"excerpt":false}}},"aioseo_notices":[],"_links":{"self":[{"href":"https:\/\/panama-turismo.org\/es\/wp-json\/wp\/v2\/pages\/6836","targetHints":{"allow":["GET"]}}],"collection":[{"href":"https:\/\/panama-turismo.org\/es\/wp-json\/wp\/v2\/pages"}],"about":[{"href":"https:\/\/panama-turismo.org\/es\/wp-json\/wp\/v2\/types\/page"}],"author":[{"embeddable":true,"href":"https:\/\/panama-turismo.org\/es\/wp-json\/wp\/v2\/users\/9"}],"replies":[{"embeddable":true,"href":"https:\/\/panama-turismo.org\/es\/wp-json\/wp\/v2\/comments?post=6836"}],"version-history":[{"count":190,"href":"https:\/\/panama-turismo.org\/es\/wp-json\/wp\/v2\/pages\/6836\/revisions"}],"predecessor-version":[{"id":10089,"href":"https:\/\/panama-turismo.org\/es\/wp-json\/wp\/v2\/pages\/6836\/revisions\/10089"}],"wp:attachment":[{"href":"https:\/\/panama-turismo.org\/es\/wp-json\/wp\/v2\/media?parent=6836"}],"curies":[{"name":"wp","href":"https:\/\/api.w.org\/{rel}","templated":true}]}}